{"id":15,"date":"2020-10-02T18:43:14","date_gmt":"2020-10-02T16:43:14","guid":{"rendered":"https:\/\/www.sabine-wiedermann.at\/?page_id=15"},"modified":"2025-10-31T15:50:36","modified_gmt":"2025-10-31T13:50:36","slug":"kinder-sind-unsere-zukunft","status":"publish","type":"page","link":"https:\/\/www.sabine-wiedermann.at\/","title":{"rendered":"Startseite"},"content":{"rendered":"\n<h4 class=\"wp-block-heading\"><strong>Kinder sind unsere Zukunft.<\/strong><\/h4>\n\n\n\n<p>Seit 27 Jahren arbeite ich mit Kindern, Jugendlichen und Erwachsenen in Pr\u00e4ventionsprogrammen. W\u00e4hrend meines Studiums zur Sozialp\u00e4dagogin habe ich eine Ausbildung zur Pers\u00f6nlichkteitstrainerin gemacht. Ich unterrichte SUMA in Schulen, Vereinen und privat. Ebenso biete ich Workshops f\u00fcr Schulklassen an. Bei meiner Arbeit unterst\u00fctzt mich mein Team, das auch in den Sommercamps mit dabei ist. Durch die Erfahrungen der letzten Jahre habe ich ein Programm erarbeitet, dass ich Ihnen gerne vorstellen m\u00f6chte.<\/p>\n\n\n\n<hr class=\"wp-block-separator has-css-opacity is-style-dots\"\/>\n\n\n\n<h4 class=\"wp-block-heading\"><strong>SUMA&nbsp;\u2013 Sicherer Umgang mit Anderen<\/strong><\/h4>\n\n\n\n<p>steht f\u00fcr ein Konzept, indem es vor allem um die eigene Wahrnehmung und Reflexion geht. Einige Situationen entstehen, weil wir sie selbst herbei f\u00fchren oder zu lassen. Hier ist es wichtig zu \u00fcberlegen, wo und wann ist mein Verhalten verantwortlich f\u00fcr einen bestimmten Zustand. Durch eine realistische Wahrnehmung meiner Verhaltensweisen und der Erfahrung, dass ich selbst die Wahl habe und positiv einwirken kann, werden mein Selbstwertgef\u00fchl und meine soziale Intelligenz gest\u00e4rkt. Hilflosigkeit macht unselbstst\u00e4ndig! Durch die Arbeit mit Rollenspielen haben die Teilnehmer die M\u00f6glichkeit, ihr Verhalten auszuprobieren. Wie laut spreche ich? Wie ist meine K\u00f6rpersprache? Wie wirke ich dabei auf andere? Wie f\u00fchlt sich&nbsp;<strong>NEIN<\/strong>&nbsp;sagen an?<\/p>\n\n\n\n<hr class=\"wp-block-separator has-css-opacity is-style-dots\"\/>\n\n\n\n<h4 class=\"wp-block-heading\"><strong>Wahrnehmen &#8211; beobachten &#8211; reflektieren<\/strong><\/h4>\n\n\n\n<p>Mein Ziel ist es, das alle Teilnehmer ihre pers\u00f6nlichen St\u00e4rken erkennen und annehmen.<\/p>\n\n\n\n<hr class=\"wp-block-separator has-css-opacity is-style-dots\"\/>\n\n\n\n<h4 class=\"wp-block-heading\"><strong>Wer seine Stolpersteine kennt, stolpert seltener!<\/strong><\/h4>\n\n\n\n<p>Bei Gruppenspiele werden gemeinsam Themen wie R\u00fccksichtnahme, Fairplay oder \u201everlieren k\u00f6nnen\u201c erarbeitet. Spielen ist st\u00e4rkend und ein wichtiger Aspekt in der Gruppe. Wo ist mein Platz? Wie stehen die anderen zu mir? Wie f\u00fchle ich mich in der Gruppe?<\/p>\n\n\n\n<p>In&nbsp;SUMA&nbsp;werden auch Abwehrtechniken f\u00fcr den Notfall trainiert. Durch das Training sp\u00fcren Kinder ihre Kr\u00e4fte und erkennen auch, dass sie diese nicht willk\u00fcrlich einsetzen d\u00fcrfen.<\/p>\n\n\n\n<p>Durch Haus\u00fcbungen wird die gemeinsame Arbeit im Kurs vertieft.<\/p>\n\n\n\n<p>Seit 2009 bietet mein Team und ich in Karnabrunn, Sommercamps f\u00fcr M\u00e4dchen und Jungen an. Durch die gemeinsame Zeit mit den Kindern, erkenne ich sehr schnell neue Negativtrends oder Sorgen der Kinder. Diese Schwerpunkte kann ich sehr flexibel in die SUMA Kurse einflie\u00dfen lassen. War es vor Jahren noch Mobbing, m\u00fcssen Kinder heute auch auf die Gefahren von Cybermobbing aufmerksam gemacht werden. Die Darstellung der eigenen Person, das Hervorheben des Besonderen &#8230; die Gesellschaft hat sich ver\u00e4ndert. Ich versuche darauf einzugehen und individuell f\u00fcr die Kursgruppe das richtige Programm anzubieten.<\/p>\n\n\n\n<hr class=\"wp-block-separator has-css-opacity is-style-dots\"\/>\n\n\n\n<h4 class=\"wp-block-heading\"><strong>\u00dcber mich<\/strong><\/h4>\n\n\n\n<p>Als ich vor vielen Jahren mein Studium zur Sozialp\u00e4dagogin begann, hatte ich noch keine Vorstellung, wohin mich der Weg f\u00fchren wird. Heute blicke ich auf 25 Jahre Erfahrung im Bereich Pr\u00e4ventionstraining zur\u00fcck und bin sehr gl\u00fccklich dar\u00fcber. Ich habe 1998 die Ausbildung zur WSD Trainerin gemacht und 13 Jahre f\u00fcr diesen Verein als selbstst\u00e4ndige Trainerin gearbeitet. Die Zeiten und die Gesellschaft haben sich ver\u00e4ndert. Ich m\u00f6chte mit SUMA- meinem eigenen Programm &#8211; auf diese Ver\u00e4nderungen eingehen. Seit 2012 Jahren biete ich in Schulen, Vereinen, Ferienspielen oder privat SUMA Kurse an. Es ist eine intensive Zusammenarbeit, die einen selbst immer wieder neues Erfahren l\u00e4sst und meine pers\u00f6nliche Entwicklung voran treibt. Kinder zu st\u00e4rken, ihnen aber auch die Verantwortung ihres Handelns aufzuzeigen, ist das Ziel meiner Arbeit. Es macht unheimlich viel Spa\u00df und erstaunt mich immer wieder, wie begeistert Kinder mitmachen.<\/p>\n\n\n\n<p>2009 \u00f6ffneten wir die Tore zum Sommercamp in Karnabrunn. Seit Beginn sind die Camps gut besucht. Die Erfahrungen aus den Camps best\u00e4tigen mir auch die Sinnhaftigkeit von SUMA &#8211; &nbsp;Kindern eine M\u00f6glichkeit zu bieten, sich zu entwickeln, sich auszuprobieren und \u00fcber Gefahren, \u00c4ngste, Gef\u00fchle zu sprechen.<\/p>\n\n\n\n<p>Seit einigen Jahren betreue ich auch Kinder in Einzelsettings. Meist beginnen die Probleme mit Mobbing, Isolierung in der Klasse oder Selbstzweifel. Ich gehe in den Einzelsettings auf die Probleme und \u00c4ngste der Kinder\/Jugendlichen ein und erarbeite ein Programm f\u00fcr den Betroffenen. Sehr oft finden auch Elterngespr\u00e4che statt, da die Unterst\u00fctzung vom Elternhaus sehr wichtig ist.<\/p>\n\n\n\n<p>Ich empfinde es als Privileg, diese Arbeit machen zu k\u00f6nnen und blicke stolz auf die letzten 24 Jahre zur\u00fcck. Aber genauso gespannt blicke ich auf die n\u00e4chsten Jahre und freue mich auf alles was noch kommt!<\/p>\n","protected":false},"excerpt":{"rendered":"<p class=\"excerpt\">Kinder sind unsere Zukunft. Seit 27 Jahren arbeite ich mit Kindern, Jugendlichen und Erwachsenen in Pr\u00e4ventionsprogrammen. W\u00e4hrend meines Studiums zur Sozialp\u00e4dagogin habe ich eine Ausbildung zur Pers\u00f6nlichkteitstrainerin gemacht. Ich unterrichte SUMA in Schulen, Vereinen und privat. Ebenso biete ich Workshops f\u00fcr Schulklassen an. Bei meiner Arbeit unterst\u00fctzt mich mein Team, das auch in den Sommercamps mit dabei ist. Durch die&hellip; <a href=\"https:\/\/www.sabine-wiedermann.at\/\">Read more &rarr;<\/a><\/p>\n","protected":false},"author":1,"featured_media":0,"parent":0,"menu_order":0,"comment_status":"closed","ping_status":"closed","template":"pageFullWidth.php","meta":{"footnotes":""},"class_list":["post-15","page","type-page","status-publish","hentry","xfolkentry"],"_links":{"self":[{"href":"https:\/\/www.sabine-wiedermann.at\/index.php?rest_route=\/wp\/v2\/pages\/15","targetHints":{"allow":["GET"]}}],"collection":[{"href":"https:\/\/www.sabine-wiedermann.at\/index.php?rest_route=\/wp\/v2\/pages"}],"about":[{"href":"https:\/\/www.sabine-wiedermann.at\/index.php?rest_route=\/wp\/v2\/types\/page"}],"author":[{"embeddable":true,"href":"https:\/\/www.sabine-wiedermann.at\/index.php?rest_route=\/wp\/v2\/users\/1"}],"replies":[{"embeddable":true,"href":"https:\/\/www.sabine-wiedermann.at\/index.php?rest_route=%2Fwp%2Fv2%2Fcomments&post=15"}],"version-history":[{"count":24,"href":"https:\/\/www.sabine-wiedermann.at\/index.php?rest_route=\/wp\/v2\/pages\/15\/revisions"}],"predecessor-version":[{"id":3289,"href":"https:\/\/www.sabine-wiedermann.at\/index.php?rest_route=\/wp\/v2\/pages\/15\/revisions\/3289"}],"wp:attachment":[{"href":"https:\/\/www.sabine-wiedermann.at\/index.php?rest_route=%2Fwp%2Fv2%2Fmedia&parent=15"}],"curies":[{"name":"wp","href":"https:\/\/api.w.org\/{rel}","templated":true}]}}