{"id":107,"date":"2020-10-14T09:51:28","date_gmt":"2020-10-14T07:51:28","guid":{"rendered":"https:\/\/www.sabine-wiedermann.at\/?page_id=107"},"modified":"2020-10-17T10:45:25","modified_gmt":"2020-10-17T08:45:25","slug":"referenzen","status":"publish","type":"page","link":"https:\/\/www.sabine-wiedermann.at\/?page_id=107","title":{"rendered":"Referenzen"},"content":{"rendered":"\n<h4 class=\"wp-block-heading\"><strong>Stellungnahme von Direktorinnen<\/strong><\/h4>\n\n\n\n<div class=\"wp-block-wdp-faq-accordion-block\" style=\"--wdpfab-box-shadow-blurradius:0px\" data-is-initially-open=\"no\"><div class=\"wdp-faq-accordion-block__handle\" tabindex=\"0\" role=\"button\"><h5 class=\"wdp-faq-accordion-block__title\"><strong>Fr. Direktor Schlager, VS Breitenwaida<\/strong><\/h5><\/div><div class=\"wdp-faq-accordion-block__content\"><p>SUMA &#8211; Sicherer Umgang mit Anderen. Die Kids unserer Schule k\u00f6nnen es Jahr um Jahr gar nicht erwarten, dass die Folder f\u00fcr SUMA wieder ausgeteilt werden, und sie sich anmelden k\u00f6nnen. Diese Einheiten sind sowohl f\u00fcr die eher sch\u00fcchternen Kinder sehr lehrreich, als auch f\u00fcr jene, die Probleme mit der Selbstwahrnehmung haben. Voller Begeisterung wird auch zuhause mit den Eltern an den Themen gearbeitet. Ich pers\u00f6nlich begr\u00fc\u00dfe dieses Angebot von Frau Sabine Wiedermann sehr, da wir Lehrerinnen viel zu wenig Zeit haben um soziales Lernen in dieser Intensit\u00e4t anbieten zu k\u00f6nnen. Ich begr\u00fc\u00dfe dieses Projekt sehr und kann es nur weiterempfehlen.<\/p><\/div><\/div>\n\n\n\n<div class=\"wp-block-wdp-faq-accordion-block\" style=\"--wdpfab-box-shadow-blurradius:0px\" data-is-initially-open=\"no\"><div class=\"wdp-faq-accordion-block__handle\" tabindex=\"0\" role=\"button\"><h5 class=\"wdp-faq-accordion-block__title\"><strong>Fr. Direktor Rainer, VS Harmannsdorf<\/strong><\/h5><\/div><div class=\"wdp-faq-accordion-block__content\"><p>Soziale Kompetenzen sind die Grundlage f\u00fcr das Zusammenleben und das Arbeiten in einer Gemeinschaft. Grenzen setzen, Grenzen akzeptieren, Selbsterkenntnis und die St\u00e4rkung des Selbstwertgef\u00fchls sollen erfahren und ge\u00fcbt werden.<\/p><p>Die Kinder der VS Harmannsdorf besuchen die SUMA-Kurse von Frau Wiedermann seit vielen Jahren gerne.<\/p><\/div><\/div>\n\n\n\n<div class=\"wp-block-wdp-faq-accordion-block\" style=\"--wdpfab-box-shadow-blurradius:0px\" data-is-initially-open=\"no\"><div class=\"wdp-faq-accordion-block__handle\" tabindex=\"0\" role=\"button\"><h5 class=\"wdp-faq-accordion-block__title\"><strong>Fr. Direktor Gaida, VS Wilfersdorf<\/strong><\/h5><\/div><div class=\"wdp-faq-accordion-block__content\"><p>An der VS Wilfersdorf werden seit 2012 SUMA- Workshops von Frau Sabine Wiedermann angeboten. Die teilnehmenden Kinder besuchen diese mit gro\u00dfer Freude und Begeisterung. Da auch den Eltern dieses Angebot zusagt, fragen sie bereits zu Schulbeginn nach, ob die Kurse wieder angeboten werden. Da es mir als Direktorin wichtig ist, dass die Sch\u00fclerinnen und Sch\u00fcler auch zu Themen wie z.B. St\u00e4rkung des Selbstwertgef\u00fchls, R\u00fccksichtnahme, Fairplay oder &#8222;verlieren K\u00f6nnen&#8220; von verschiedensten Personen Anregungen erhalten, freut es mich, wenn diese in den SUMA-Workshops angeboten werden und in Rollenspielen, Gruppenspielen, Haus\u00fcbungen usw. ausprobiert werden k\u00f6nnen.<\/p><\/div><\/div>\n\n\n\n<div class=\"wp-block-wdp-faq-accordion-block\" style=\"--wdpfab-box-shadow-blurradius:0px\" data-is-initially-open=\"no\"><div class=\"wdp-faq-accordion-block__handle\" tabindex=\"0\" role=\"button\"><h5 class=\"wdp-faq-accordion-block__title\"><strong>Fr. Direktor Heger, VS Gro\u00dfru\u00dfbach<\/strong><\/h5><\/div><div class=\"wdp-faq-accordion-block__content\"><p>In &#8222;Schule&#8220; ist ein gutes Miteinander die Voraussetzung f\u00fcr erfolgreiches Lernen. Deswegen ist es uns als P\u00e4dagogen &#8211; sicherlich wie allen Eltern, immer wieder ein Anliegen, den uns anvertrauten Kindern das notwendige Werkzeug mitgeben zu k\u00f6nnen. Oftmals sind wir auf au\u00dferschulische Unterst\u00fctzung angewiesen, damit diese Hilfestellungen f\u00fcr Kinder angenommen werden k\u00f6nnen. Mit Frau Sabine Wiedermann und ihrem Konzept &#8222;SUMA -Sicherer Umgang mit Anderen&#8220;, haben wir einen verl\u00e4sslichen und kompetenten Partner kennen lernen d\u00fcrfen, der von uns P\u00e4dagogen, den Kindern und den Eltern gleicherma\u00dfen als hilfreich empfunden wird und das Zusammenleben und die soziale Entwicklung der Kinder positiv beeinflusst.<\/p><p>Das Kind lernt sich selbst, seine Bed\u00fcrfnisse und die seines Gegen\u00fcbers wahrzunehmen, bewegt sich in klaren Strukturen, die Sicherheit bieten und erprobt sich, problematische Interaktionen innerhalb der Gruppe gewaltfrei zu steuern. In gemeinsamen Gewaltpr\u00e4ventionsprojekten an der Schule konnten die Kinder durch zahlreiche Rollenspiele allt\u00e4gliche Situationen erproben und zu einem guten Ende bringen. Ein Konzept, das \u00fcberzeugt!<\/p><\/div><\/div>\n\n\n\n<hr class=\"wp-block-separator is-style-wide\"\/>\n\n\n\n<br style=\"clear:both\" \/>\n\n\n\n<h4 class=\"wp-block-heading\"><strong>Meinungen von Eltern<\/strong><\/h4>\n\n\n\n<p>Wir als Eltern stellten fest, dass unsere Tochter auch in bestimmten Situationen sehr selbstbewusst reagiert hat. Wir denken, dass Kinder Verhaltensweise im Umgang von kritischen Situationen bewusst gemacht werden sollen und der kindgerechte Umgang damit. Deshalb unterst\u00fctzen wir Ihre Ausbildung SUMA &#8211; DANKE!<\/p>\n\n\n\n<hr class=\"wp-block-separator is-style-dots\"\/>\n\n\n\n<p>Unseren Sohn haben am besten die Rollenspiele gefallen &#8211; das hat mich sehr \u00fcberrascht &#8211; h\u00e4tte ich ihm nicht zugetraut und habe ihn sehr falsch eingesch\u00e4tzt! Ein ganz gro\u00dfes Lob &#8211; es hat ihm total gut gefallen!<\/p>\n\n\n\n<hr class=\"wp-block-separator is-style-dots\"\/>\n\n\n\n<p>Liebe Sabine! Vielen Dank. Wie immer, mein Sohn war begeistert, er fand es cool, lustig und er lernte, wie man sich mit Worten wehren kann. Wir als Eltern finden, dass es eine tolle, lehrreiche, spannende Zeit war!!!<\/p>\n\n\n\n<hr class=\"wp-block-separator is-style-dots\"\/>\n\n\n\n<p>Wir hatten diesen Kurs schon bei unseren Gro\u00dfen schon als Gewinn f\u00fcr unsere Kinder empfunden. Unser Sohn ist selbstbewusster, entspannter im Umgang mit m\u00f6glichen gefahren und emotional gefestigter in zwischenmenschlichen Beziehungen. Sehr empfehlenswert f\u00fcr jedes Kind!<\/p>\n\n\n\n<hr class=\"wp-block-separator is-style-dots\"\/>\n\n\n\n<p>Liebes SUMA-Team! Wie immer hat meinem Sohn der Kurs super gefallen und er hat schon einiges im Alltag umsetzten k\u00f6nnen. Vielen Dank\u00b4! Wir k\u00f6nnen den Kurs nur jeden weiterempfehlen. Bis zum n\u00e4chsten Mal &#8230;<\/p>\n\n\n\n<hr class=\"wp-block-separator is-style-dots\"\/>\n\n\n\n<p>Meine Tochter war nach eurem Kurs immer fr\u00f6hlich, gut gelaunt, positiv gestimmt! Es haben ihr die Rollenspiele besonders gut gefallen, ihr habt meiner Tochter Selbstvertrauen und Sicherheit im Umgang mit Anderen gegeben. Sch\u00f6n, dass es euch f\u00fcr die Kinder gibt!<\/p>\n\n\n\n<hr class=\"wp-block-separator is-style-dots\"\/>\n\n\n\n<p>Ich hoffe, dass der Kurs noch oft statt findet und finde es eine ganz tolle Idee. Weiter so!!!<\/p>\n\n\n\n<hr class=\"wp-block-separator is-style-dots\"\/>\n\n\n\n<p>Meine Tochter war anfangs sehr skeptisch, nach der ersten Einheit aber hellauf begeistert. Sie hat viel vom Kurs erz\u00e4hlt.<\/p>\n\n\n\n<hr class=\"wp-block-separator is-style-dots\"\/>\n\n\n\n<p>Ich finde die Themen ganz spannend und auch wie sie in der Gruppe besprochen und L\u00f6sungen gefunden werden. Zudem finde ich es auch ganz wichtig, dass Kinder au\u00dferhalb des Elternhauses auf Gefahren aufmerksam gemacht werden.<\/p>\n\n\n\n<hr class=\"wp-block-separator is-style-dots\"\/>\n\n\n\n<p>Es ist uns wichtig, dass unsere Kinder lernen, wie sie sich verhalten sollen, wenn sie von Fremden angesprochen werden, wenn jemand etwas tut, was nicht in Ordnung ist. In der Gruppe, unter professioneller Anleitung lernen sie das sicher besser, als wir es ihnen als Eltern vermitteln k\u00f6nnen.<\/p>\n\n\n\n<hr class=\"wp-block-separator is-style-dots\"\/>\n\n\n\n<p>Wir glauben, dass solche Kurse unserem Kind hilft, mit bestimmten Situationen im allt\u00e4glichen Alltag richtig umzugehen!<\/p>\n\n\n\n<hr class=\"wp-block-separator is-style-dots\"\/>\n\n\n\n<p>Wir danken ihnen f\u00fcr alles, was sie unserem Sohn gelernt haben. Das ist was er wirklich jeden Tag verwenden und brauchen kann.<\/p>\n\n\n\n<hr class=\"wp-block-separator is-style-dots\"\/>\n\n\n\n<p>Meinem Kind hat der Kurs sehr gut gefallen, ein Pluspunkt ist, dass er in der Schule und somit mit seinen Schulfreunden statt findet.<\/p>\n\n\n\n<hr class=\"wp-block-separator is-style-dots\"\/>\n\n\n\n<p>Mein Sohn hat seine Streitkultur weiterentwickelt und ist reifer geworden.<\/p>\n\n\n\n<hr class=\"wp-block-separator is-style-dots\"\/>\n\n\n\n<p>Ich finde es eine gute Vorbereitung auf gewisse Situationen, damit sie es zumindest schon einmal geh\u00f6rt hat und vielleicht sicher mit sich selbst ist.<\/p>\n\n\n\n<hr class=\"wp-block-separator is-style-dots\"\/>\n\n\n\n<p>Er hat vieles aus einer anderen Sichtweise kennengelernt. Nun ist er ein bisschen traurig, dass der Kurs zu Ende geht!<\/p>\n\n\n\n<hr class=\"wp-block-separator is-style-dots\"\/>\n\n\n\n<p>Obwohl mein Sohn nur ein Kind kannte, wurde ihm sofort die Angst vor dem Unbekannten genommen. Ich denke f\u00fcr ihn besonders im Kurs war seine St\u00e4rken hervor zu kehren und seine Grenzen kennen zulernen, bzw. lernen sein NEIN zu vertreten. Den Schlagpolster fand er auch sehr cool! Ich habe das Gef\u00fchl sein Selbstbewusstsein wurde gest\u00e4rkt und er ist selbstsicherer geworden. Vielen Dank\u00b4, ich h\u00e4tte nicht gedacht, dass es ihm so gefallen wird, wie es nun ist! Ein Kompliment an SUMA!<\/p>\n\n\n\n<hr class=\"wp-block-separator is-style-dots\"\/>\n\n\n\n<p>Liebe Sabine, liebes SUMA-Team! Mein Sohn findet die Kurse cool. Durch die Hausaufgaben, die er zu Hause ausf\u00fcllte, konnten wir so manches Thema auch besprechen und ich konnte die Sichtweise meines Sohnes kennen lernen. Nochmals ein gro\u00dfes DANKE an dich und dein Team. Wir freuen uns auf ein Wiedersehen.<\/p>\n\n\n\n<hr class=\"wp-block-separator is-style-dots\"\/>\n\n\n\n<p>wichtige Inhalte f\u00fcr die Entwicklung ihres Selbstbewusstseins und ihrer sozialen Kompetenz, hat ihr Spa\u00df gemacht, viel gelernt, Fortsetzung erw\u00fcnscht!<\/p>\n\n\n\n<hr class=\"wp-block-separator is-style-dots\"\/>\n\n\n\n<p>Meine Tochter hat nach jeder Stunde vom Kurs erz\u00e4hlt. Mit so einer Begeisterung wie nur selten! Ich bin ebenso begeistert. Wir kommen wieder!<\/p>\n\n\n\n<hr class=\"wp-block-separator is-style-dots\"\/>\n\n\n\n<p>Meiner Tochter hat der Kurs gut getan. Ich habe nach jeder Stunde positive S\u00e4tze \u00fcber sich selbst von ihr geh\u00f6rt.<\/p>\n\n\n\n<hr class=\"wp-block-separator is-style-dots\"\/>\n\n\n\n<p>St\u00e4rkung des Selbstvertrauens und sichtbare Steigerung beim Grenzen setzten merkbar. Sie ist gerne in SUMA gegangen.<\/p>\n\n\n\n<hr class=\"wp-block-separator is-style-dots\"\/>\n\n\n\n<p>Das Klima zwischen den Kindern und der Kursleiterin ist gut und positiv. Die Kursleiterin geht auf alle Kinder ein, ist aber auch sehr nach Disziplin bem\u00fcht. Das finde ich sehr gut. Der Mix zwischen Theorie und Praxis ist auch sehr gut. Die praktischen \u00dcbungen wurden sehr konsequent umgesetzt.ein Vater, der bei einer SUMA Stunde dabei war<\/p>\n\n\n\n<hr class=\"wp-block-separator is-style-dots\"\/>\n\n\n\n<p>Hallo, erstmals ein gro\u00dfes DANKE!&nbsp;Mein Sohn hat einen riesengro\u00dfen Spa\u00df gehabt, es war sehr lehrreich. Sabine, du bist eine echt nette Person. Toll, dass es SUMA gibt &#8211; weiter so!<\/p>\n\n\n\n<hr class=\"wp-block-separator is-style-dots\"\/>\n\n\n\n<p>Beide Kinder waren sehr angetan von ihrem Kurs und haben immer wieder davon erz\u00e4hlt. Als Zusatzaktivit\u00e4t werden sie den Kurs sicher weiterempfehlen und sind schon auf weitere Angebote gespannt!<\/p>\n\n\n\n<hr class=\"wp-block-separator is-style-dots\"\/>\n\n\n\n<p>Wir empfanden den Kurs als sehr lehrreich und interessant. Sie sind eine sehr nette Dame, die den Ablauf des Unterrichts immer gut dargestellt hat. Sehr empfehlenswert, vielen Dank!<\/p>\n\n\n\n<hr class=\"wp-block-separator is-style-dots\"\/>\n\n\n\n<p>Unsere Kinder haben sich sehr wohl gef\u00fchlt. Wir haben festgestellt, dass beide etwas an Selbstbewusstsein zugelegt haben und in manchen Situationen neue L\u00f6sungen f\u00fcr den Umgang mit anderen, besonders \u00e4lteren und gr\u00f6\u00dferen Kindern, hatten. Von Frau Wiedermann waren unsere Kinder begeistert, sie m\u00f6gen sie sehr und wir hatten das Gef\u00fchl, dass sie sich mit ihren Sorgen ernst genommen f\u00fchlten und sich sehr schnell auf alle Themen und Rollenspielen einlie\u00dfen, da sie Vertrauen zur Kursleiterin hatten. Au\u00dferdem war die Gruppenzusammensetzung toll, bzw. hat Frau Wiedermann alle Kinder entsprechend behandelt, keiner wurde vernachl\u00e4ssigt oder anders behandelt und dadurch ein sehr positives Gruppenklima geschaffen. Danke f\u00fcr den tollen Kurs!<\/p>\n\n\n\n<hr class=\"wp-block-separator is-style-dots\"\/>\n\n\n\n<p>Meiner Tochter haben besonders die Techniken gefallen. Auch der Wutstein hat einen hohen Stellenwert. Von der Elternseite m\u00f6chte ich mich bedanken f\u00fcr Ihre M\u00fchen. Vielen Dank!<\/p>\n\n\n\n<hr class=\"wp-block-separator is-style-dots\"\/>\n\n\n\n<p>Unser Sohn hat uns zuhause erkl\u00e4rt, was zu tun ist, wenn man beschimpft oder angegriffen wird. Wir sind mit unserem Sohn einer Meinung &#8211; SUMA ist toll! Danke<\/p>\n","protected":false},"excerpt":{"rendered":"<p class=\"excerpt\">Stellungnahme von Direktorinnen Meinungen von Eltern Wir als Eltern stellten fest, dass unsere Tochter auch in bestimmten Situationen sehr selbstbewusst reagiert hat. Wir denken, dass Kinder Verhaltensweise im Umgang von kritischen Situationen bewusst gemacht werden sollen und der kindgerechte Umgang damit. Deshalb unterst\u00fctzen wir Ihre Ausbildung SUMA &#8211; DANKE! Unseren Sohn haben am besten die Rollenspiele gefallen &#8211; das hat&hellip; <a href=\"https:\/\/www.sabine-wiedermann.at\/?page_id=107\">Read more &rarr;<\/a><\/p>\n","protected":false},"author":1,"featured_media":0,"parent":0,"menu_order":0,"comment_status":"closed","ping_status":"closed","template":"pageFullWidth.php","meta":{"footnotes":""},"class_list":["post-107","page","type-page","status-publish","hentry","xfolkentry"],"_links":{"self":[{"href":"https:\/\/www.sabine-wiedermann.at\/index.php?rest_route=\/wp\/v2\/pages\/107","targetHints":{"allow":["GET"]}}],"collection":[{"href":"https:\/\/www.sabine-wiedermann.at\/index.php?rest_route=\/wp\/v2\/pages"}],"about":[{"href":"https:\/\/www.sabine-wiedermann.at\/index.php?rest_route=\/wp\/v2\/types\/page"}],"author":[{"embeddable":true,"href":"https:\/\/www.sabine-wiedermann.at\/index.php?rest_route=\/wp\/v2\/users\/1"}],"replies":[{"embeddable":true,"href":"https:\/\/www.sabine-wiedermann.at\/index.php?rest_route=%2Fwp%2Fv2%2Fcomments&post=107"}],"version-history":[{"count":33,"href":"https:\/\/www.sabine-wiedermann.at\/index.php?rest_route=\/wp\/v2\/pages\/107\/revisions"}],"predecessor-version":[{"id":229,"href":"https:\/\/www.sabine-wiedermann.at\/index.php?rest_route=\/wp\/v2\/pages\/107\/revisions\/229"}],"wp:attachment":[{"href":"https:\/\/www.sabine-wiedermann.at\/index.php?rest_route=%2Fwp%2Fv2%2Fmedia&parent=107"}],"curies":[{"name":"wp","href":"https:\/\/api.w.org\/{rel}","templated":true}]}}